{"id":51,"date":"2017-11-27T18:57:32","date_gmt":"2017-11-27T17:57:32","guid":{"rendered":"https:\/\/www.wuensche.synology.me\/fabiart\/?page_id=51"},"modified":"2022-10-18T18:45:42","modified_gmt":"2022-10-18T16:45:42","slug":"ueber-mich","status":"publish","type":"page","link":"https:\/\/www.wuensche.synology.me\/fabiart\/ueber-mich\/","title":{"rendered":"\u00dcber mich"},"content":{"rendered":"<p><a name=\"impressum\"><\/a><\/p>\n<p style=\"text-align: left;\"><strong>A) Franz\u00f6sisches Video mit deutschen Untertiteln\u00a0 \u00a0 \u00a0 \u00a0 \u00a0 \u00a0 B) Neuronale Netze<\/strong><\/p>\n<p><a href=\"https:\/\/www.wuensche.synology.me\/fabiart\/wp-content\/uploads\/2021\/09\/Covid19-Technologie-Velot-1-1.m4v\" rel=\"noopener\"><img loading=\"lazy\" decoding=\"async\" class=\"alignnone wp-image-1627\" src=\"https:\/\/www.wuensche.synology.me\/fabiart\/wp-content\/uploads\/2021\/09\/Bild_Impftechnologie_Covid19-300x165-1.jpg\" alt=\"\" width=\"331\" height=\"182\" srcset=\"https:\/\/www.wuensche.synology.me\/fabiart\/wp-content\/uploads\/2021\/09\/Bild_Impftechnologie_Covid19-300x165-1.jpg 300w, https:\/\/www.wuensche.synology.me\/fabiart\/wp-content\/uploads\/2021\/09\/Bild_Impftechnologie_Covid19-300x165-1-230x127.jpg 230w\" sizes=\"auto, (max-width: 331px) 100vw, 331px\" \/><\/a> <a href=\"https:\/\/deeplearningstudio.com\/\"><img loading=\"lazy\" decoding=\"async\" class=\"alignnone\" src=\"https:\/\/www.wuensche.synology.me\/Wordpress\/DeepLearningStudio.jpg\" alt=\"\" width=\"343\" height=\"184\" \/><\/a><\/p>\n<p><a href=\"https:\/\/www.wuensche.synology.me\/Wordpress\/wp-login?redirect_to=https:\/\/www.wuensche.synology.me\/Wordpress\/?p=2820\" target=\"_blank\" rel=\"noopener noreferrer\">ZUM <span style=\"color: #ff6600;\"><strong>DIAGNOSTIK BLOG Anmeldung<\/strong><\/span><\/a><\/p>\n<p><a href=\"https:\/\/www.wuensche.synology.me\/Wordpress\/?page_id=5513\" target=\"_blank\" rel=\"noopener noreferrer\">ZUM <span style=\"color: #ff6600;\"><strong>DIAGNOSTIK BLOG <\/strong><\/span><\/a><\/p>\n<p><a href=\"https:\/\/arzt.redmedical.de\/#\/auth\/login\"><span style=\"color: #cc99ff;\"><strong><span style=\"color: #00ff00;\"><span style=\"color: #3366ff;\">Arztportal Videosprechstunde<\/span><\/span><\/strong><\/span><\/a><\/p>\n<p>__________________________________________<\/p>\n<p style=\"text-align: left;\">\u00a0<strong>Impressum:<\/strong><a href=\"https:\/\/www.wuensche.synology.me\/Wordpress\/GlobalSign.jpg\" target=\"_blank\" rel=\"noopener noreferrer\"><img loading=\"lazy\" decoding=\"async\" class=\"alignnone\" title=\"webtrust_logo2\" src=\"https:\/\/www.wuensche.synology.me\/Wordpress\/webtrust_logo2.gif\" alt=\"\" width=\"73\" height=\"90\" \/><\/a><\/p>\n<p>\u00a0<strong>Dr. med. Werner W\u00fcnsche<\/strong><br \/>\n<em><strong>Facharzt f\u00fcr Radiologie <\/strong><\/em><br \/>\n<em><strong>FK Nuklearmedizin FK Strahlentherapie<\/strong><\/em><br \/>\n<em>MRT;\u00a0 CT ;\u00a0 FKDS ;\u00a0 Sonographie ; Mammadiagnostik ; Orthovolt ; <\/em><br \/>\n<em>FAB ; PRT ; <em>Schilddr\u00fcsendiagnostik<\/em><br \/>\nMarderweg. 45<br \/>\n33335 G\u00fctersloh<br \/>\nTelefon: +49 (0)5241 \/ 702850 (<span style=\"color: #ff0000;\"><strong>Keine Terminvergabe !!<\/strong><\/span>)<br \/>\nTelefax: +49 (0)5241 \/ 702852<br \/>\nE-Mail: <a title=\"Email an Dr. Wuensche\" href=\"mailto:dr-wuensche@t-online.de\">dr-wuensche@t-online.de<\/a><\/em><\/p>\n<p>Verantwortliche\/r i.S.d. \u00a7 55 Abs. 2 RStV: Dr. W\u00fcnsche<br \/>\nGesetzliche Berufsbezeichnung: Arzt<br \/>\nBerufsbezeichnung verliehen in der Bundesrepublik Deutschland<br \/>\nZust\u00e4ndige \u00c4rztekammer: KVWL\u00a0\u00a0 \u00c4rztekammer OWL<br \/>\nKassen\u00e4rztliche Vereinigung :<a title=\"\u00c4rztekammer Westfalen-Lippe\" href=\"http:\/\/www.aekwl.de\/\" target=\"_blank\" rel=\"noopener noreferrer\">http:\/\/www.aekwl.de\/<\/a><\/p>\n<p><u><a href=\"https:\/\/www.wuensche.synology.me\/Wordpress\/Datenschutz.pdf\" target=\"_blank\" rel=\"noopener noreferrer\">Datenschutzerkl\u00e4rung\u00a0und Datenschutzvereinbarung<\/a><\/u><\/p>\n<p><span style=\"text-decoration: underline;\"><strong>Berufsordnung:<\/strong><\/span><br \/>\nDie berufsrechtlichen Regelungen sind \u00fcber die Internetseiten der KVWL zug\u00e4nglich. Der direkte Link lautet:<\/p>\n<p><a title=\"Berufsordnung\" href=\"https:\/\/www.aekwl.de\/aerztekammer\/aerztekammer\/geschaeftsstelle\/telefonverzeichnis\/recht\/recht-und-justiziar\/\" target=\"_blank\" rel=\"noopener noreferrer\">Rechtsabteilung Berufsordnung \u00c4KWL<\/a><\/p>\n<p><a href=\"https:\/\/www.wuensche.synology.me\/fabiart\/wp-content\/uploads\/2017\/11\/gebuehrenordnung-fuer-aerzte-goae.pdf\">Geb\u00fchrenordnung-f\u00fcr-\u00c4rzte-GOAE<\/a><\/p>\n<p><span style=\"text-decoration: underline;\"><strong>Verordnung \u00fcber den Schutz vor Sch\u00e4den durch ionisierende Strahlen (Strahlenschutzverordnung):<\/strong><\/span><\/p>\n<p><a href=\"https:\/\/www.wuensche.synology.me\/Wordpress\/wp-content\/Strahlenschutzverordnung.pdf\" target=\"_blank\" rel=\"noopener noreferrer\">StrlSchV\u00a0 \u00a0 \u00a0 \u00a0 \u00a0 \u00a0 \u00a0 \u00a0 \u00a0 Nov. 2020<\/a><\/p>\n<p><a href=\"https:\/\/www.wuensche.synology.me\/Wordpress\/wp-content\/Roentgenverordnung.pdf\" target=\"_blank\" rel=\"noopener noreferrer\">Richtlinie zur StrlSchV der AEKWL 2011<\/a><\/p>\n<p><a href=\"https:\/\/www.wuensche.synology.me\/Wordpress\/wp-content\/RL_StrlSch_Medizin_Aenderung.pdf\">\u00c4nderung der Richtlinie StrlSch Medizin 7\/2014<\/a><\/p>\n<p><a href=\"https:\/\/www.wuensche.synology.me\/Wordpress\/wp-content\/Strahlenschutzgesetz2017.pdf\" target=\"_blank\" rel=\"noopener noreferrer\">Strahlenschutzgesetz\u00a0 \u00a02021<\/a><\/p>\n<p><span style=\"text-decoration: underline;\"><strong>Hinweise und Erl\u00e4uterungen zu \u00a7 7 Absatz 4 MBO-\u00c4 (Fernbehandlung) Berlin, 11.12.2015<\/strong><\/span><\/p>\n<p><a href=\"https:\/\/www.wuensche.synology.me\/Wordpress\/wp-content\/2015-12-11_Hinweise_und_Erlaeuterungen_zur_Fernbehandlung.pdf\">2015-12-11_Hinweise_und_Erlaeuterungen_zur_Fernbehandlung<\/a><\/p>\n<p><a href=\"https:\/\/www.wuensche.synology.me\/Wordpress\/wp-content\/Bestimmungen_01_04_2017.pdf\">01.04.2017_Teleradiologie_Telekonsil<\/a><\/p>\n<p><strong><span style=\"color: #ff0000;\"><a href=\"https:\/\/www.wuensche.synology.me\/fabiart\/wp-content\/uploads\/2019\/04\/Videosprechstunde-f\u00fcr-alle-Indikationen-ge\u00f6ffnet.pdf\">05.04.2019 Videosprechstunde f\u00fcr alle Indikationen ge\u00f6ffnet<\/a> <\/span><\/strong><\/p>\n<p>Mit Urteil vom 12. Mai 1998 \u2013 312 O 85\/98 \u2013 \u201cHaftung f\u00fcr Links\u201d hat das Landgericht (LG) Hamburg entschieden, dass man durch die Anbringung eines Links, die Inhalte der gelinkten Seite ggf. mit zu verantworten hat. Dies kann \u2013 so das LG \u2013 nur dadurch verhindert werden, dass man sich ausdr\u00fccklich von diesen Inhalten distanziert. Hiermit distanzieren wir uns ausdr\u00fccklich von allen Inhalten welche durch Links auf unserer Homepage erreicht werden k\u00f6nnten. Diese Erkl\u00e4rung gilt f\u00fcr alle auf unserer Homepage angebrachten Links.<\/p>\n<p>Wir benutzen keine Fonts Awesone und Google Fonts. Die Fonts Awesone und Google Fonts wurden programmiertechnisch und in der Function.php sowie mittels Plugins ausgeschlossen. Zur Videosprechstunde benutzen wir Kein Skype.<\/p>\n<p>&nbsp;<\/p>\n<p>&nbsp;<\/p>\n<p>&nbsp;<\/p>\n","protected":false},"excerpt":{"rendered":"<p>A) Franz\u00f6sisches Video mit deutschen Untertiteln\u00a0 \u00a0 \u00a0 \u00a0 \u00a0 \u00a0 B) Neuronale Netze ZUM DIAGNOSTIK BLOG Anmeldung ZUM DIAGNOSTIK BLOG Arztportal Videosprechstunde __________________________________________ \u00a0Impressum: \u00a0Dr. med. Werner W\u00fcnsche Facharzt f\u00fcr Radiologie FK Nuklearmedizin FK Strahlentherapie MRT;\u00a0 CT ;\u00a0 FKDS ;\u00a0 Sonographie ; Mammadiagnostik ; Orthovolt ; FAB ; PRT ; Schilddr\u00fcsendiagnostik Marderweg. 45 33335 [&hellip;]<\/p>\n","protected":false},"author":1,"featured_media":0,"parent":0,"menu_order":0,"comment_status":"closed","ping_status":"closed","template":"page-templates\/page_fullwidth.php","meta":{"footnotes":""},"class_list":["post-51","page","type-page","status-publish","hentry"],"_links":{"self":[{"href":"https:\/\/www.wuensche.synology.me\/fabiart\/wp-json\/wp\/v2\/pages\/51","targetHints":{"allow":["GET"]}}],"collection":[{"href":"https:\/\/www.wuensche.synology.me\/fabiart\/wp-json\/wp\/v2\/pages"}],"about":[{"href":"https:\/\/www.wuensche.synology.me\/fabiart\/wp-json\/wp\/v2\/types\/page"}],"author":[{"embeddable":true,"href":"https:\/\/www.wuensche.synology.me\/fabiart\/wp-json\/wp\/v2\/users\/1"}],"replies":[{"embeddable":true,"href":"https:\/\/www.wuensche.synology.me\/fabiart\/wp-json\/wp\/v2\/comments?post=51"}],"version-history":[{"count":101,"href":"https:\/\/www.wuensche.synology.me\/fabiart\/wp-json\/wp\/v2\/pages\/51\/revisions"}],"predecessor-version":[{"id":1732,"href":"https:\/\/www.wuensche.synology.me\/fabiart\/wp-json\/wp\/v2\/pages\/51\/revisions\/1732"}],"wp:attachment":[{"href":"https:\/\/www.wuensche.synology.me\/fabiart\/wp-json\/wp\/v2\/media?parent=51"}],"curies":[{"name":"wp","href":"https:\/\/api.w.org\/{rel}","templated":true}]}}